{"id":166,"date":"2019-04-15T12:46:29","date_gmt":"2019-04-15T12:46:29","guid":{"rendered":"http:\/\/wordpress.michaelweins.de\/?page_id=166"},"modified":"2023-06-12T08:27:37","modified_gmt":"2023-06-12T08:27:37","slug":"veranstaltungen","status":"publish","type":"page","link":"https:\/\/www.michaelweins.de\/?page_id=166","title":{"rendered":"Veranstaltungen"},"content":{"rendered":"<div>\n<p><span style=\"font-size: 12pt;\"><strong>2023:<\/strong><\/span><\/p>\n<p><span style=\"font-size: 12pt;\">Es ist wieder so weit: Zinnober. Das ist eine Leseb\u00fchne in Hamburg-Barmbek. Die hatte ich seinerzeit mitgegr\u00fcndet, dann hatte ich mich im Juni letzten Jahres verabschiedet. Jetzt bin ich wieder dabei, und das ist sch\u00f6n.<\/span><\/p>\n<p><span style=\"font-size: 12pt;\">Das wunderbare Zinnober-Team besteht aus der Schriftstellerin Johanna Seebauer, dem Pastor*innensohn Alexander Peter Posch sowie dem Autoren Sascha Prei\u00df, der aktuell aussieht wie eine Mischung aus dem jungen Karl Marx und dem sp\u00e4ten Jim Morrison. Und jetzt wieder mir. Dazu im weitesten Sinne literarische \u00dcberraschungsg\u00e4ste.<\/span><\/p>\n<p><span style=\"font-size: 12pt;\"><b>ZINNOBER &#8211; Geschichten f\u00fcr gl\u00e4nzende Zeiten<\/b><\/span><\/p>\n<p><span><b><span style=\"font-size: medium;\">Letzter Donnerstag im Monat, 20 Uhr, Eintritt 8 Euro<\/span><\/b><\/span><\/p>\n<p><span style=\"font-size: 12pt;\"><b>Zinnschmelze, Maurienstra\u00dfe 19, 22305 Hamburg<\/b><\/span><\/p>\n<p><span style=\"font-size: 12pt;\">Gef\u00f6rdert von der Beh\u00f6rde f\u00fcr Kultur und Medien der wunderbar freien und Hansestadt Hamburg.<\/span><\/p>\n<p>&nbsp;<\/p>\n<p><span style=\"font-size: 12pt; font-family: helvetica, arial, sans-serif;\"><b>2022:<\/b><\/span><\/p>\n<p><span style=\"font-size: 12pt; font-family: 'comic sans ms', sans-serif;\"><b><i>Zum Wilden Igel<\/i><\/b><\/span><\/p>\n<p><span style=\"font-size: 12pt;\">Eine literarische Serie,\u00a0<\/span><span style=\"font-size: 12pt;\">der Live-Fortsetzungsroman in sechs Kapiteln,\u00a0<\/span><span style=\"font-size: 12pt;\">mit Sigrid Behrens, Julia Herrgesell, Dagrun Hintze, Simon Janssen, Izy Kusche, Alexander Posch, Michael Weins sowie G\u00e4sten.<\/span><\/p>\n<p><span><b><span style=\"font-size: 12pt;\">Jeweils am dritten\u00a0<\/span><span style=\"font-size: medium;\"><span style=\"font-size: 12pt;\">Dienstag des Monats im Nachtasyl<\/span> (Thalia Theater, Alstertor)<\/span><\/b><\/span><\/p>\n<p><span style=\"font-size: 12pt;\">Beginn: 20 Uhr,\u00a0<\/span><span style=\"font-size: 12pt;\">Einlass: 19 Uhr 30,\u00a0<\/span><span style=\"font-size: 12pt;\">Eintritt: 10,- Euro<\/span><\/p>\n<p><span style=\"font-size: 12pt;\">Der<i> Wilde Igel<\/i> ist eine Autobahnrastst\u00e4tte an der A1, ein zeitloser Nicht-Ort in verlottertem Schick, an dem sich die einsamsten Seelen einfinden, um in jeglicher Hinsicht aufzutanken. Pendler*innen, Fernfahrer*innen, heimliche Liebespaare, liebevoll und engagiert versorgt durch die Angestellten von Tankstelle, Restaurant, Motel und Werkstatt. Doch von einem Tag auf den anderen ist es um die Idylle geschehen, das fragile Gebilde zeigt Risse. Chaos bricht aus auf dem <i>Wilden Igel<\/i>. Was ist und was wird noch geschehen?<\/span><\/p>\n<p><span style=\"font-size: 12pt;\">Sechs Autorinnen und Autoren gehen den Geheimnissen des <i>Wilden Igels <\/i>monatlich auf den Grund. In sechs Episoden schreiben sie gemeinsam und unter Einbeziehung des Publikums an dieser literarischen Serie, einen Fortsetzungsroman in sechs Kapiteln.<\/span><\/p>\n<p><span style=\"font-size: 12pt;\">Jeden Monat pr\u00e4sentieren sie live eine neue Episode im Nachtasyl des Thalia Theaters, berichten aus sechs unterschiedlichen Perspektiven von den sich \u00fcberschlagenden Ereignissen.<\/span><\/p>\n<p><span style=\"font-size: 12pt;\">Begleitet werden sie dabei vom Sounddesigner und Musiker Simon Janssen .\u00a0<\/span><span style=\"font-size: 12pt;\">Regelm\u00e4\u00dfig schreiben am <i>Wilden Igel <\/i>mit:<\/span><\/p>\n<p><span style=\"font-size: 12pt;\">Sigrid Behrens &#8211; Melitta, eine professionelle Trinkerin<\/span><\/p>\n<p><span style=\"font-size: 12pt;\">Julia Herrgesell &#8211; Laila, die Facility Managerin mit der Deutschen Dogge<\/span><\/p>\n<p><span style=\"font-size: 12pt;\">Dagrun Hintze &#8211; ein Waschb\u00e4r<\/span><\/p>\n<p><span style=\"font-size: 12pt;\">Izy Kusche &#8211; die Aktivist*innen<\/span><\/p>\n<p><span style=\"font-size: 12pt;\">Alexander Posch &#8211; Heinrich \u201eHenry\u201c Matusen, Werkstattleiter<\/span><\/p>\n<p><span style=\"font-size: 12pt;\">Michael Weins &#8211; Peter, K\u00fcchenhilfe, Nachfahr russischer Zaren<\/span><\/p>\n<p>&nbsp;<\/p>\n<p><span style=\"font-size: 12pt;\"><b>Au\u00dferdem: ZINNOBER &#8211; Geschichten f\u00fcr gl\u00e4nzende Zeiten<\/b><\/span><\/p>\n<p><span style=\"font-size: 12pt;\">Die monatliche Leseb\u00fchne in der Zinnschmelze,\u00a0<\/span><span style=\"font-size: 12pt;\">Hamburg-Barmbek<\/span><\/p>\n<p><span style=\"font-size: 12pt;\">5 Autor*innen,\u00a0<\/span><span style=\"font-size: 12pt;\">Neue Texte,\u00a0<\/span><span style=\"font-size: 12pt;\">Weltgeschehen, B\u00fccher, Serien, Satinbettw\u00e4sche,\u00a0<\/span><span style=\"font-size: 12pt;\">ZINNOBER.<\/span><\/p>\n<p><span style=\"font-size: 12pt;\">Jeden letzten Donnerstag des Monats &#8211;\u00a0<\/span><span style=\"font-size: 12pt;\">mit Alexander Posch, Claudia Schumacher, Johanna Sebauer, Katharina Unteutsch und Michael Weins<\/span><\/p>\n<p><span style=\"font-size: 12pt;\"><b>Beginn: 20 Uhr<\/b><\/span><\/p>\n<p><span style=\"font-size: 12pt;\"><b>Eintritt: 8,- Euro<\/b><\/span><\/p>\n<p><span style=\"font-size: 12pt;\">Zinnschmelze, Maurienstr.19, 22305 Hamburg<\/span><\/p>\n<p>&nbsp;<\/p>\n<p><span style=\"font-size: 12pt;\"><strong>2019, ZWEITE LIEBE,\u00a0Salon f\u00fcr abgelehnte Manuskripte,<\/strong><\/span><\/p>\n<p><span style=\"font-size: 12pt;\">im Literaturhaus Hamburg, mit freundlicher Unterst\u00fctzung der Beh\u00f6rde f\u00fcr Kultur und Medien der Freien und Hansestadt Hamburg.<\/span><\/p>\n<p><span style=\"font-size: 12pt;\">Als Literatur liebender Mensch\u00a0musste man seit l\u00e4ngerer Zeit schlucken. Alle naslang erfolgten Horrormeldungen aus einer Branche in Agonie. Vom schrumpfendem Buchmarkt. Von Grossisten, die Insolvenz anmeldeten. Die Konkurrenz durch soziale Medien und Streaming-Dienste schien \u00fcberm\u00e4chtig. Bestseller-Agorithmen durchsieben neuerdings die Buchproduktion. Auch etablierte Autoren bleiben mitunter auf nicht ganz marktkonformen Werken sitzen. Im Keller des Literaturbetriebs h\u00e4ufen sich die literarischen Leichen.<\/span><\/p>\n<p><span style=\"font-size: 12pt;\">Uns interessierte: Ist ein abgelehntes Manuskript zwangsl\u00e4ufig ein schlechtes? Und was f\u00fchrt dazu, dass manche Texte <i>Schattenb\u00fccher <\/i>bleiben und nie das Licht der Leselampe erblicken?<\/span><\/p>\n<p><span style=\"font-size: 12pt;\">Wir wollten die <i>sch\u00f6nen Leichen <\/i>beleben, einige schienen noch ganz warm. Wir bargen die Sch\u00e4tze aus den Schubladen.<\/span><\/p>\n<p><span style=\"font-size: 12pt;\">\u00a0Alexander Posch und ich begr\u00fc\u00dften als Conf\u00e9renciers am 29. August 2019 die G\u00e4ste Katrin Seddig (zuletzt \u201eDas Dorf\u201c, Rowohlt Berlin) und Anselm Neft (zuletzt \u201eDie bessere Geschichte\u201c, Rowohlt), die aus ihren liegengebliebenen Manuskripten lasen. Von Maria Ebner , Lektorin f\u00fcr deutschsprachige Literatur im Verlag Hoffmann und Campe, wollten wir erfahren, warum diese Texte zwar Preise gewonnen hatten (Katrin Seddig: Hamburger F\u00f6rderpreis f\u00fcr Literatur 2015), aber niemals B\u00fccher geworden waren.<\/span><\/p>\n<p><span style=\"font-size: 12pt;\">Au\u00dferdem gab es: Die sch\u00f6nsten Verlagsanschreiben, die verzweifeltsten Selbstanpreisungen, die euphemistischsten Absagen, die hoffnungslosesten Romananf\u00e4nge, die unerwartetsten Erfolge und die unn\u00f6tigsten Produkte auf dem Buchmarkt.<\/span><\/p>\n<\/div>\n<div><\/div>\n<div><\/div>\n<div><span style=\"font-size: 12pt;\"><strong>Seit 2001: Schischischo<\/strong><\/span><\/div>\n<p><span style=\"font-size: 12pt;\">Mit Sven Amtsberg und Alexander Posch. Schischischo ist und war <em>intellektueller Show-Wahnsinn zwischen den Polen Weimar und Las Vegas<\/em>. Kurzgeschichten, Talkg\u00e4ste, Fernsehspiele\u00a0ohne Kamera, Lebensmittelferkeleien. Hellmuth Karasek lief aus dem Literaturhaus weg. Legend\u00e4r die Zuhause-bleiben-Tour 2002 mit sieben Auftritten in acht Tagen an sieben Pl\u00e4tzen innerhalb Hamburgs. Auch Apr\u00e8s Schi, die Vorweihnachts-Show, im Neuen Cinema 2003 war sch\u00f6n. Zwischenzeitlich im Literaturhaus, im Uebel&amp;Gef\u00e4hrlich sowie im Nachtasyl des Thalia Theaters. Im Sommer auch gerne mal auf Booten, z.B. monatlich auf der Barkasse Hedi, oder auch mit dem Hausboot in Dresden, Bremen, Berlin, Offenbach und W\u00fcrzburg. Und am sch\u00f6nsten war es, wenn Nils dabei war,<\/span><span style=\"font-size: 12pt;\">\u00a0der Mann mit der Gitarre, unser Freund, der gro\u00dfe Poet und S\u00e4nger, der uns nach Offenbach und nach Bremen begleitet hat, auf diverse Boote, in die Hotellobby, sp\u00e4tnachts vorm Kamin N\u00fcsschen essend und Whiskey trinkend, oder der sein Fahrrad einfach durch unsere Stra\u00dfe geschoben hat: Nils Koppruch. Hallo Nils.<\/span><\/p>\n<p><span style=\"font-size: 12pt;\"><img loading=\"lazy\" decoding=\"async\" width=\"400\" height=\"275\" alt=\"\" src=\"http:\/\/www.sc-design.de\/webseiten\/Michael_Weins\/main\/docs\/images\/schischi_1.jpg\" \/><\/span><\/p>\n<p><span style=\"font-size: 12pt;\">Als Chirurgen: Sven Amtsberg, Michael Weins<\/span><\/p>\n<p><span style=\"font-size: 12pt;\"><img loading=\"lazy\" decoding=\"async\" width=\"400\" height=\"261\" alt=\"\" src=\"http:\/\/www.sc-design.de\/webseiten\/Michael_Weins\/main\/docs\/images\/schischi_2.jpg\" \/><\/span><\/p>\n<p><span style=\"font-size: 12pt;\">Als biertrinkende\u00a0Chirurgen: Sven Amtsberg, Michael Weins, Alexander Posch<\/span><\/p>\n<p><span style=\"font-size: 12pt;\"><img loading=\"lazy\" decoding=\"async\" width=\"400\" height=\"205\" alt=\"\" src=\"http:\/\/www.sc-design.de\/webseiten\/Michael_Weins\/main\/docs\/images\/schischi_3.jpg\" \/><\/span><\/p>\n<p><span style=\"font-size: 12pt;\">Small Talk mit Gast Mike (im Hintergrund, schwarz) im Wohnzimmer (Apres Schi)<\/span><\/p>\n<p>&nbsp;<\/p>\n<div><span style=\"font-size: 12pt;\"><strong>2000 &#8211; 2010: Macht Club<\/strong><\/span><\/div>\n<p><span style=\"font-size: 12pt;\">Gr\u00fcndung von Macht e.V. und Machtclub. <a target=\"_blank\" href=\"http:\/\/www.macht-ev.de\/\" rel=\"noopener noreferrer\">Macht<\/a>\u00a0war ein Zusammenschluss von Autoren, Verlegern und Veranstaltern in Hamburg.<\/span><\/p>\n<p><span style=\"font-size: 12pt;\">Mit den beiden monatlichen Veranstaltungsreihen, dem &#8222;Machtclub&#8220; (fr\u00fcher im Mojo Club (2000 &#8211; 2003), im Malersaal des Deutschen Schauspielhaus ((2003 &#8211; 2008) und von 2009 &#8211; 2010 im Uebel &amp; Gef\u00e4hrlich), und &#8222;Macht liest&#8220; im Pudel Salon, brachte Macht seine F\u00e4higkeiten auf den Punkt. Macht l\u00f6ste sich zum Jahreswechsel 2010\/11 auf.\u00a0<i>Machtmacher <\/i>waren: Sven Amtsberg \/ Dierk Hagedorn \/ Benjamijn Maack \/ Friederike Moldenhauer \/ Alexander Posch \/ Hartmut Pospiech \/ Gordon Roesnik \/ Tina Uebel \/ Michael Weins \/\u00a0Jan Schmietendorf<\/span><\/p>\n<p><span style=\"font-size: 12pt;\"><img loading=\"lazy\" decoding=\"async\" width=\"400\" height=\"261\" alt=\"\" src=\"http:\/\/www.sc-design.de\/webseiten\/Michael_Weins\/main\/docs\/images\/macht_1.jpg\" \/><\/span><\/p>\n<p><span style=\"font-size: 12pt;\">Auf gro\u00dfer Fahrt: Die Jungs vom Macht Club<\/span><\/p>\n<p><span style=\"font-size: 12pt;\"><img loading=\"lazy\" decoding=\"async\" width=\"262\" height=\"400\" alt=\"\" src=\"http:\/\/www.sc-design.de\/webseiten\/Michael_Weins\/main\/docs\/images\/macht_2.jpg\" \/><\/span><\/p>\n<p><span style=\"font-size: 12pt;\">Alexander Posch, Joachim Bitter, Sven Amtsberg, Michael Weins, Tina Uebel<\/span><\/p>\n<p>&nbsp;<\/p>\n<div><span style=\"font-size: 12pt;\"><strong>1997 &#8211; 1999: Liv-Ullmann-Show<\/strong><\/span><\/div>\n<p><span style=\"font-size: 12pt;\">Gr\u00fcndung der &#8222;Liv Ullmann Show&#8220; (mit Alexander Posch) als &#8222;Hybrid aus Literatur und anarchischem Showbiz&#8220;. Konzept: Eine Gruppe aus sieben Autorinnen und Autoren und Bildenden K\u00fcnstlern tritt monatlich zu einem wechselnden literarischen Thema wie &#8222;Schuhe&#8220;, &#8222;Haare&#8220; oder &#8222;Raumfahrt&#8220; auf die dreieckige B\u00fchne des chronisch \u00fcberf\u00fcllten Reeperbahn-Clubs &#8222;Molotow&#8220;. Einer ist jeweils Liv Ullmann. Liv Ullmann bestimmt das Thema und l\u00e4dt die G\u00e4ste ein. Mit J\u00fcrgen Noltensmeier, Cenk Bekdemir, Mariola Brillowska, Oliver Windgassen, Thorsten Passfeld, Alexander Posch und Michael Weins.<\/span><\/p>\n<p><span style=\"font-size: 12pt;\"><img loading=\"lazy\" decoding=\"async\" width=\"400\" height=\"279\" alt=\"\" src=\"http:\/\/www.sc-design.de\/webseiten\/Michael_Weins\/main\/docs\/images\/ullmann_1.jpg\" \/><\/span><\/p>\n<p><span style=\"font-size: 12pt;\">Von links: Thorsten Passfeld (halb), Michael Weins (Liv Ullmann), Mariola Brillowska, J\u00fcrgen Noltensmeier, G\u00e4ste.<\/span><\/p>\n<p><span style=\"font-size: 12pt;\"><img loading=\"lazy\" decoding=\"async\" width=\"400\" height=\"279\" alt=\"\" src=\"http:\/\/www.sc-design.de\/webseiten\/Michael_Weins\/main\/docs\/images\/ullmann_2.jpg\" \/><\/span><\/p>\n<p><span style=\"font-size: 12pt;\">Thorsten Passfeld (Liv Ullmann)<\/span><\/p>\n<p><span style=\"font-size: 12pt;\"><img loading=\"lazy\" decoding=\"async\" width=\"400\" height=\"278\" alt=\"\" src=\"http:\/\/www.sc-design.de\/webseiten\/Michael_Weins\/main\/docs\/images\/ullmann_3.jpg\" \/><\/span><\/p>\n<p><span style=\"font-size: 12pt;\">Alexander Posch (Liv Ullmann)<\/span><\/p>\n<p><span style=\"font-size: 12pt;\"><img loading=\"lazy\" decoding=\"async\" width=\"400\" height=\"279\" alt=\"\" src=\"http:\/\/www.sc-design.de\/webseiten\/Michael_Weins\/main\/docs\/images\/ullmann_4.jpg\" \/><\/span><\/p>\n<p><span style=\"font-size: 12pt;\">Jacques Palminger (Mitte, als Gast): Liv Ullmann<\/span><\/p>\n<p><span style=\"font-size: 12pt;\"><img loading=\"lazy\" decoding=\"async\" width=\"400\" height=\"192\" alt=\"\" src=\"http:\/\/www.sc-design.de\/webseiten\/Michael_Weins\/main\/docs\/images\/ullmann_5.jpg\" \/><\/span><\/p>\n<p><span style=\"font-size: 12pt;\">Michael Weins, Mariola Brillowska, Alexander Posch (als Liv Ullmann)<\/span><\/p>\n<p>&nbsp;<\/p>\n<p><span style=\"font-size: 12pt;\"><strong>1996 -1998: Laola Club<\/strong><\/span><\/p>\n<div><span style=\"font-size: 12pt;\">Im Jahr 1996 gr\u00fcndeten Alexander Posch und Michael Weins\u00a0den zun\u00e4chst zweiw\u00f6chentlichen, sp\u00e4ter monatlichen Literatur-Event &#8222;LAOLA club &#8211; Bands und Literatur&#8220;, das\u00a0erste Stammlokal\u00a0\u00a0der jungen Hamburger Off-Szene in der Katholischen Hochschulgemeinde. Anfangs wurde alle zwei Wochen &#8222;Laolita&#8220; mitgeliefert, &#8222;Magazin f\u00fcr passives Reiten&#8220; (Nr. 1, 5\/95), &#8222;Mitmachzeitschrift f\u00fcr junge M\u00fctter&#8220; (Nr. 2, 6\/96),\u00a0&#8222;Hauspostille des Instituts f\u00fcr Welterotik&#8220; (Nr. 3, 6\/96),\u00a0&#8222;Bedienungsanleitung f\u00fcrs Establishment&#8220; (Nr. 4, 7\/96), &#8222;F\u00fcr Bussi-B\u00e4ren&#8220; (Nr. 5, 7\/96). Bis 1998 zog die Veranstaltungsreihe \u00fcberw\u00e4ltigend viele Leute zu den Lesungen junger Autoren und Auftritten lokaler Bands (Konzept: immer ein Autor trifft auf eine Band, inklusive Schirm-Scham-Schablone-Moderation der beiden Laoloas.) Sp\u00e4ter hier auch zu sehen: Kampflesungen, z.B. Hamburger Schriftsteller Verein versus Alster Allstars.<\/span><\/div>\n<p><span style=\"font-size: 12pt;\"><img loading=\"lazy\" decoding=\"async\" width=\"370\" height=\"400\" alt=\"\" src=\"http:\/\/www.sc-design.de\/webseiten\/Michael_Weins\/main\/docs\/images\/laola_1.jpg\" \/><\/span><\/p>\n<p><span style=\"font-size: 12pt;\">Die Laolas: das allererste Foto, frisch dem Ei entschl\u00fcpft.<\/span><\/p>\n<p><span style=\"font-size: 12pt;\"><img loading=\"lazy\" decoding=\"async\" width=\"400\" height=\"279\" alt=\"\" src=\"http:\/\/www.sc-design.de\/webseiten\/Michael_Weins\/main\/docs\/images\/laola_2.jpg\" \/><\/span><\/p>\n<p><span style=\"font-size: 12pt;\">Im Laola Club: Alexander Posch afrikanisch (r.) und\u00a0Michael Weins<\/span><\/p>\n<p><span style=\"font-size: 12pt;\"><img loading=\"lazy\" decoding=\"async\" width=\"400\" height=\"287\" alt=\"\" src=\"http:\/\/www.sc-design.de\/webseiten\/Michael_Weins\/main\/docs\/images\/laola_3.jpg\" \/><\/span><\/p>\n<p><span style=\"font-size: 12pt;\">Laola im Hafen<\/span><\/p>\n<p><span style=\"font-size: 12pt;\"><img loading=\"lazy\" decoding=\"async\" width=\"267\" height=\"400\" alt=\"\" src=\"http:\/\/www.sc-design.de\/webseiten\/Michael_Weins\/main\/docs\/images\/laola_4.jpg\" \/><\/span><\/p>\n<p><span style=\"font-size: 12pt;\">Zwei lustige Laolas<\/span><\/p>\n","protected":false},"excerpt":{"rendered":"<p>2023: Es ist wieder so weit: Zinnober. Das ist eine Leseb\u00fchne in Hamburg-Barmbek. Die hatte ich seinerzeit mitgegr\u00fcndet, dann hatte ich mich im Juni letzten Jahres verabschiedet. Jetzt bin ich wieder dabei, und das ist sch\u00f6n. Das wunderbare Zinnober-Team besteht aus der Schriftstellerin Johanna Seebauer, dem Pastor*innensohn Alexander Peter Posch [&hellip;]<\/p>\n","protected":false},"author":1,"featured_media":0,"parent":0,"menu_order":0,"comment_status":"closed","ping_status":"closed","template":"","meta":{"footnotes":""},"class_list":["post-166","page","type-page","status-publish","hentry"],"_links":{"self":[{"href":"https:\/\/www.michaelweins.de\/index.php?rest_route=\/wp\/v2\/pages\/166","targetHints":{"allow":["GET"]}}],"collection":[{"href":"https:\/\/www.michaelweins.de\/index.php?rest_route=\/wp\/v2\/pages"}],"about":[{"href":"https:\/\/www.michaelweins.de\/index.php?rest_route=\/wp\/v2\/types\/page"}],"author":[{"embeddable":true,"href":"https:\/\/www.michaelweins.de\/index.php?rest_route=\/wp\/v2\/users\/1"}],"replies":[{"embeddable":true,"href":"https:\/\/www.michaelweins.de\/index.php?rest_route=%2Fwp%2Fv2%2Fcomments&post=166"}],"version-history":[{"count":15,"href":"https:\/\/www.michaelweins.de\/index.php?rest_route=\/wp\/v2\/pages\/166\/revisions"}],"predecessor-version":[{"id":654,"href":"https:\/\/www.michaelweins.de\/index.php?rest_route=\/wp\/v2\/pages\/166\/revisions\/654"}],"wp:attachment":[{"href":"https:\/\/www.michaelweins.de\/index.php?rest_route=%2Fwp%2Fv2%2Fmedia&parent=166"}],"curies":[{"name":"wp","href":"https:\/\/api.w.org\/{rel}","templated":true}]}}