{"id":207,"date":"2019-04-24T10:06:30","date_gmt":"2019-04-24T10:06:30","guid":{"rendered":"http:\/\/wordpress.michaelweins.de\/?page_id=207"},"modified":"2024-10-03T11:16:26","modified_gmt":"2024-10-03T11:16:26","slug":"veroeffentlichungen2","status":"publish","type":"page","link":"https:\/\/www.michaelweins.de\/?page_id=207","title":{"rendered":"Ver\u00f6ffentlichungen1"},"content":{"rendered":"<div style=\"position: relative; left: -20px;\">\n<p>&nbsp;<\/p>\n<table style=\"border-collapse: collapse; width: 100%; height: 4722px;\">\n<tbody>\n<tr style=\"height: 1248px;\">\n<td style=\"width: 25%; text-align: left; vertical-align: top; height: 1248px;\"><img loading=\"lazy\" decoding=\"async\" src=\"http:\/\/www.michaelweins.de\/wp-content\/uploads\/2024\/09\/Michael-Weins_Menschen-der-Erde_Cover_print-183x300.jpg\" alt=\"\" width=\"183\" height=\"300\" class=\"alignnone size-medium wp-image-673\" srcset=\"https:\/\/www.michaelweins.de\/wp-content\/uploads\/2024\/09\/Michael-Weins_Menschen-der-Erde_Cover_print-183x300.jpg 183w, https:\/\/www.michaelweins.de\/wp-content\/uploads\/2024\/09\/Michael-Weins_Menschen-der-Erde_Cover_print-626x1024.jpg 626w, https:\/\/www.michaelweins.de\/wp-content\/uploads\/2024\/09\/Michael-Weins_Menschen-der-Erde_Cover_print-768x1256.jpg 768w, https:\/\/www.michaelweins.de\/wp-content\/uploads\/2024\/09\/Michael-Weins_Menschen-der-Erde_Cover_print-939x1536.jpg 939w, https:\/\/www.michaelweins.de\/wp-content\/uploads\/2024\/09\/Michael-Weins_Menschen-der-Erde_Cover_print-1252x2048.jpg 1252w, https:\/\/www.michaelweins.de\/wp-content\/uploads\/2024\/09\/Michael-Weins_Menschen-der-Erde_Cover_print.jpg 1473w\" sizes=\"auto, (max-width: 183px) 100vw, 183px\" \/><span style=\"font-size: 12pt;\"><\/span><\/p>\n<p><span style=\"font-size: 12pt;\"><strong>Michael Weins<\/strong><\/span><br \/>\n<span style=\"font-size: 12pt;\"><strong>Menschen der Erde<\/strong><\/span><br \/>\n<span style=\"font-size: 12pt;\">Roman<\/span><br \/>\n<span style=\"font-size: 12pt;\">362 Seiten, 22 Euro, Hardcover<\/span><br \/>\n<span style=\"font-size: 12pt;\">Erscheint am 1. November 2024<\/span><br \/>\n<span style=\"font-size: 12pt;\">ISBN 978-3-9814175-9-3<\/span><\/p>\n<p>&nbsp;<\/p>\n<p><img loading=\"lazy\" decoding=\"async\" src=\"http:\/\/www.michaelweins.de\/wp-content\/uploads\/2019\/05\/sie_traeumt_von_pferden-1.jpg\" alt=\"\" width=\"169\" height=\"260\" class=\"alignnone size-full wp-image-400\" \/><\/p>\n<p><span style=\"font-size: 12pt;\"><span class=\"text\">Michael Weins &amp; Katharina Gschwendtner<\/span><b><br \/>\n<\/b><strong><span class=\"text11ptfett\">Sie tr\u00e4umt von Pferden<\/span><\/strong><\/span><br \/>\n<span class=\"text\" style=\"font-size: 12pt;\">12 Geschichten mit Tieren <\/span><span style=\"font-size: 12pt; font-family: inherit;\">mit zahlreichen Illustrationen von Katharina Gschwendtner<\/span><\/p>\n<p><span class=\"text\" style=\"font-size: 12pt;\">Hardcover mit Leseb\u00e4ndchen<br \/>\n128 Seiten | 16,90 \u20ac<br \/>\nISBN 978-3-938539-35-4<br \/>\nM\u00e4rz 2015<\/span><\/td>\n<td style=\"text-align: left; vertical-align: top; width: 75%; height: 1248px;\"><span style=\"font-size: 12pt;\">\u201eDie Einheimischen. Die Eingeborenen. Die indigenen Deutschen. Sie sind gro\u00df und tragen riesige Brillen in faltigen Gesichtern. Sie haben silberne oder lilafarbene Haare. Sie schmatzen und schnalzen gef\u00e4hrlich mit falschen Gebissen. Sie riechen nach Fleisch und nach F\u00fcrzen. Ihre Kleidung ist beige oder braun. Sie stehen an der Bushaltestelle beisammen und reden \u00fcber Z\u00e4hne und Knochen. Sie reden \u00fcber das Krankenhaus und Operationen. Es gibt sie als Mann und als Frau, aber sie sind kaum zu unterscheiden. Sie tragen beige Hosen und Sandalen oder Gesundheitsschuhe. Sie neigen zu Kurzhaarfrisuren, auch die weiblichen Exemplare. Es ist verwirrend. Sie sind alt. Sie sind nicht sch\u00f6n. Sie machen Angst. Sie lauern dir auf wie im M\u00e4rchen.\u201c<\/span><\/p>\n<p><span style=\"font-size: 12pt;\">Ein Paar aus Hamburg adoptiert ein Kind aus Chile. Aber was ist das mit diesem Kind? Warum sperrt es sich so vehement gegen die Zuwendung der neuen Eltern?<\/span><\/p>\n<p><span style=\"font-size: 12pt;\"><em>\u201eEine Adoptivmutter voller Liebe und Unsicherheit. Ein alter wei\u00dfer Hippie und Scharlatan. Und ein sehr kluges M\u00e4dchen, das scheinbar nur eine Frage nicht beantworten kann: Wer bin ich eigentlich? Michael Weins l\u00e4dt uns ein auf eine augen\u00f6ffnende Reise \u2013 nehmt diese Einladung unbedingt an!\u201c \u2013 Daniela Dobernigg, cohen+dobernigg BUCHHANDEL<\/em><\/span><\/p>\n<p>&nbsp;<\/p>\n<p>&nbsp;<\/p>\n<p>&nbsp;<\/p>\n<p><span style=\"font-size: 12pt;\"><span class=\"text11pt\"><i>&#8222;Sie sagte: Deine Mutter ist wie ein Tier. Ich m\u00f6chte nicht, dass du mich falsch verstehst. Deine Mutter ist wie ein sch\u00f6nes, stilles Tier. Ich meine das nicht als Beleidigung, im Gegenteil. Deine Mutter hat etwas beruhigend Beunruhigendes. Sie erinnert mich daran, dass wir Tiere sind, angezogene Tiere, und dass das gut ist. Ich bin einverstanden damit.&#8220;<\/i><\/span><\/span><\/p>\n<p><span style=\"font-size: 12pt;\">Wir alle sind Tiere, aber manchmal vergessen wir das. Nicht so hier: Dieses Buch erz\u00e4hlt Geschichten mit Tieren. Jede dieser Geschichten enth\u00e4lt mindestens ein Tier, jede schildert auf ihre Art eine wundersame Begebenheit. Die Grenzen verschwimmen &#8211; zwischen Traum und Wirklichkeit, zwischen menschlicher Moral und purer Sch\u00f6nheit, und vor allem zwischen Tier und Mensch. Etwa in der Geschichte von Johanna, die gerne einfach im Dickicht verschwinden w\u00fcrde, wie eine Schildkr\u00f6te. Oder in der Geschichte einer Frau, die immer wieder von einem Pferd tr\u00e4umt, und sagen wir mal so: Es ist kein unangenehmer Traum. Oder in der Geschichte vom b\u00f6sen Wolf, die einfach nochmal ganz neu erz\u00e4hlt werden muss, ganz von Anfang an. In Zeichnungen, Scherenschnitten und Kurzprosa erz\u00e4hlen Katharina Gschwendtner und Michael Weins von den unerkl\u00e4rlichen Wendungen, die aus einem Lebensweg das lichtdurchsprenkelte, das schattenumwobene Dasein machen. Wir alle sind Tiere. Tiere bleiben r\u00e4tselhaft.<\/span><\/p>\n<div class=\"\"><span class=\"\" style=\"font-size: 12pt;\">\u201c<em>Michael Weins hat ein wunderbares und so heiter wie ernstes Buch geschrieben, das man mit sich herumtragen sollte. Wenigstens so lange, bis man sicher ist zu wissen, in welche Welt man selbst geh\u00f6rt.<\/em>&#8222;<\/span><\/div>\n<div class=\"\"><span class=\"\" style=\"font-size: 12pt;\">(Frank Keil, taz)<\/span><\/div>\n<\/td>\n<\/tr>\n<tr style=\"height: 605px;\">\n<td style=\"text-align: left; vertical-align: top; width: 25%; height: 605px;\"><span style=\"font-size: 12pt;\"><img loading=\"lazy\" decoding=\"async\" src=\"http:\/\/www.michaelweins.de\/wp-content\/uploads\/2019\/05\/goldener_reiter_neu.jpg\" alt=\"\" width=\"169\" height=\"260\" class=\"alignnone size-full wp-image-378\" \/><\/span><\/p>\n<p><span style=\"font-size: 12pt;\"><span class=\"text\">Michael Weins<\/span><b><br \/>\n<\/b><strong><span class=\"text11ptfett\">Goldener Reiter<\/span><\/strong><br \/>\n<span class=\"text\">Roman<br \/>\nHardcover inkl. E-Book!<br \/>\n208 Seiten | 19,90 \u20ac<br \/>\nISBN 978-3-938539-28-6<br \/>\nOktober 2013<\/span><\/span><\/p>\n<p><span style=\"font-size: 12pt;\"><a class=\"tabelle_link_orange10pt\" target=\"_blank\" href=\"http:\/\/shop.mairisch.de\/mairisch-gesamtprogramm\/goldener-reiter\" rel=\"noopener noreferrer\">[bestellen]<\/a><\/span><\/td>\n<td style=\"text-align: left; vertical-align: top; width: 75%; height: 605px;\"><span style=\"font-size: 12pt;\"><span class=\"text11pt\"><i>&#8222;Der Garten ist gro\u00df und eingez\u00e4unt. Die T\u00fcr zum Garten quietscht, als ich sie \u00f6ffne. Es gibt keine Obstb\u00e4ume in diesem Garten. In diesem Garten gibt es einfach nur Rasen und Holzst\u00fchle. Zwei Irre spielen Tischtennis miteinander.&#8220;<\/i><\/span><span class=\"text11pt\"><br \/>\n<\/span><\/span><\/p>\n<p class=\"text11pt\"><span style=\"font-size: 12pt;\"><b><\/b><br \/>\nWas geschieht, wenn einer Mutter ernsthaft die Nerven durchgehen, wenn der Boden unter ihren F\u00fc\u00dfen br\u00fcchig wird und man sie in die Psychiatrie einweist, nach <i>Ochsenzoll?<\/i> Jonas Fink verliert jede sch\u00fctzende H\u00fclle seiner Kindheit. Die Mutter ist nicht mehr, wie sie war, sie tut Dinge, die sie niemals tat, und Jonas ist vollauf damit besch\u00e4ftigt, beobachtend und beschreibend der Erosion seines Lebens Einhalt zu gebieten. Er h\u00e4lt sich an die Tatsachen. Er wahrt den Anschein von Normalit\u00e4t. Denn letztlich ist normal, was passiert, zumindest f\u00fcr ihn: Seine Mutter ist eine <i>Ochsenzoll-Mutter<\/i> und er ist ihr <i>Ochsenzoll-Sohn<\/i>.<\/span><\/p>\n<p><span style=\"font-size: 12pt;\">Man kann nicht anders: Man ist sofort auf Jonas Finks Seite, erlebt das Entgleiten der Mutter durch seine Augen und Ohren. Diese Perspektive ist bestechend &#8211; und das unzerrei\u00dfbare Band zwischen einem Kind und seiner Mutter wurde selten so sch\u00f6n beschrieben. Michael Weins gelingt es eindrucksvoll, mit starken Bildern und stilistischer Entschiedenheit von einem Jahr der Ver\u00e4nderung zu erz\u00e4hlen.<\/span><\/p>\n<div class=\"\"><em><span class=\"\" style=\"font-size: 12pt;\">&#8222;Die extreme Strenge des Stils, die perspektivische Begrenzung machen das Buch zum Lesewahnbegeisterungserlebnis.&#8220;\u00a0<\/span><\/em><\/div>\n<div class=\"\"><span class=\"\" style=\"font-size: 12pt;\">(Volker Weidermann, Frankfurter Allgemeine Sonntagszeitung)<\/span><\/div>\n<\/td>\n<\/tr>\n<tr style=\"height: 554px;\">\n<td style=\"text-align: left; vertical-align: top; width: 25%; height: 554px;\"><span style=\"font-size: 12pt;\"><img loading=\"lazy\" decoding=\"async\" src=\"http:\/\/www.michaelweins.de\/wp-content\/uploads\/2019\/05\/Lazyboy-194x300.jpg\" alt=\"\" width=\"165\" height=\"261\" class=\"alignnone wp-image-385\" \/><\/span><\/p>\n<p><span style=\"font-size: 12pt;\"><span class=\"text\">Michael Weins<\/span><b><br \/>\n<\/b><strong><span class=\"text11ptfett\">Lazyboy<\/span><\/strong><br \/>\n<span class=\"text\">Roman<br \/>\nHardcover<br \/>\n336 Seiten | 18,90 \u20ac<br \/>\nISBN 978-3-938539-19-4<br \/>\nAugust 2011<\/span><\/span><span style=\"font-size: 12pt;\"><a class=\"tabelle_link_orange10pt\" target=\"_blank\" href=\"http:\/\/shop.mairisch.de\/mairisch-gesamtprogramm\/lazyboy\" rel=\"noopener noreferrer\">[bestellen]<\/a><\/span><\/td>\n<td style=\"text-align: left; vertical-align: top; width: 75%; height: 554px;\"><span style=\"font-size: 12pt;\"><em>&#8222;Ich lebe ein gef\u00e4hrliches Leben. Jetzt bin ich hier. Im n\u00e4chsten Moment kann ich ganz woanders sein. Ein Schritt nur. Das hat mit den T\u00fcren zu tun.&#8220;<\/em><\/span><\/p>\n<p><span style=\"font-size: 12pt;\">Heiner Boie, genannt Lazyboy, geht durch T\u00fcren. Doch im Gegensatz zu anderen Leuten bringen sie ihn manchmal nicht in den angrenzenden Raum, sondern ganz woanders hin: Mal an ihm wohlbekannte Orte, mal an Pl\u00e4tze, die er nie zuvor gesehen hat. Zwar kann er das Ganze nicht kontrollieren und f\u00fchlt sich eher als Anti-Superheld, findet aber Gefallen an seinen F\u00e4higkeiten.<\/span><\/p>\n<p><span style=\"font-size: 12pt;\">Bis er bei einem T\u00fcrensprung die 13-j\u00e4hrige Daphne kennenlernt, die das alles gar nicht beeindruckt: Sie hat in ihrem Keller selbst so eine T\u00fcr, die nicht das macht, was sie soll. Lazyboy geht hindurch &#8211; aber diesmal kommt er an einen Ort, an dem er noch nie war. Und dort geht die Geschichte erst los.<\/span><\/p>\n<p><span style=\"font-size: 12pt;\">Michael Weins erz\u00e4hlt in Lazyboy mit melancholischem Witz von einem, der erst sp\u00e4t bei sich ankommt &#8211; und der dazu eines Wunders bedarf, an das er selbst nicht glauben kann.<\/span><\/p>\n<div class=\"\"><em><span class=\"\" style=\"font-size: 12pt;\">&#8222;Lazyboy ist eine Geschichte von der Schwierigkeit, zu lieben und innerlich erwachsen zu werden. Vielschichtig, wahnwitzig und sehr klug &#8211; mit einem ganz \u00fcberraschenden Ende, das f\u00fcr all das Fantastische eine ganz logische Erkl\u00e4rung findet.&#8220;\u00a0<\/span><\/em><\/div>\n<div class=\"\"><span class=\"\" style=\"font-size: 12pt;\">(Natascha Geier, NDR)<\/span><\/div>\n<\/td>\n<\/tr>\n<tr style=\"height: 640px;\">\n<td style=\"text-align: left; vertical-align: top; width: 25%; height: 640px;\"><span style=\"font-size: 12pt;\"><img loading=\"lazy\" decoding=\"async\" src=\"http:\/\/www.michaelweins.de\/wp-content\/uploads\/2019\/05\/Delpfinarium.jpg\" alt=\"\" width=\"157\" height=\"240\" class=\"alignnone size-full wp-image-376\" \/><\/span><\/p>\n<p><span style=\"font-size: 12pt;\"><span class=\"text\">Michael Weins<b><br \/>\nDelfinarium<\/b><br \/>\n<\/span><span class=\"text\">Roman.<\/span><span class=\"text\"><br \/>\nHardcover<br \/>\n216 Seiten |\u00a017,90 \u20ac<\/span><span class=\"text\"><br \/>\nISBN 978-3-938539-11-8<br \/>\nApril 2009<\/span><span class=\"text\"><br \/>\n<\/span><\/span><\/p>\n<p><span style=\"font-size: 12pt;\"><a class=\"tabelle_link_orange10pt\" target=\"_blank\" href=\"http:\/\/www.mairisch.de\/bestellung.htm\" rel=\"noopener noreferrer\">[bestellen]<\/a><\/span><\/p>\n<p><span style=\"font-size: 12pt;\"><a target=\"_blank\" class=\"tabelle_link_orange10pt\" href=\"http:\/\/www.mairisch.de\/weins_delfinarium_leseprobe.pdf\" rel=\"noopener noreferrer\">[Leseprobe aus &#8222;Delfinarium, PDF]<\/a>\u00a0<\/span><\/td>\n<td style=\"text-align: left; vertical-align: top; width: 75%; height: 640px;\"><span style=\"font-size: 12pt;\"><span class=\"text\"><em>&#8222;Michael Weins zu lesen bedeutet Heimweh nach einem Ort zu bekommen,\u00a0an dem man noch nie gewesen ist.&#8220;<\/em><br \/>\n(Stefan Beuse) <\/span><\/span><span style=\"font-size: 12pt;\">Martin hei\u00dft eigentlich Daniel. Er soll auf Susann Windgassen aufpassen. Nach einem Unfall spricht sie nicht mehr, liebt aber pl\u00f6tzlich Delfine und \u00fcbt schon bald eine bet\u00f6rende Wirkung auf Daniel aus.<span class=\"text\"><\/span><span class=\"text\">Als ein Fremder auftaucht, der behauptet, Susann sei eigentlich seine verschwundene Frau Marie, begibt sich Daniel auf die Suche nach dem Geheimnis einer Frau, die das Universum offenbar im entscheidenden Augenblick doppelt belichtet hat.<\/span>Michael Weins schreibt reduziert und mit trockenem Humor und dabei so pr\u00e4gnant, wie ein Zeichner Striche setzt: Eine ber\u00fchrende Geschichte aus dem Alten Land, jenem fast schon mystischen Streifen entlang der Elbe.\u00a0\u00a0<\/span><\/p>\n<div><\/div>\n<div class=\"\"><em><span class=\"\" style=\"font-size: 12pt;\">&#8222;Ein wirklich feiner Roman \u2013 eine melancholische, humorvolle Geschichte mit oft fast surreal magischen Momenten.&#8220;<\/span><\/em><\/div>\n<div class=\"\"><span class=\"\" style=\"font-size: 12pt;\">(WDR 1 Live)<\/span><\/div>\n<\/td>\n<\/tr>\n<tr style=\"height: 525px;\">\n<td style=\"text-align: left; vertical-align: top; width: 25%; height: 525px;\"><span style=\"font-size: 12pt;\"><img loading=\"lazy\" decoding=\"async\" src=\"http:\/\/www.michaelweins.de\/wp-content\/uploads\/2019\/05\/Krill.jpg\" alt=\"\" width=\"157\" height=\"240\" class=\"alignnone size-full wp-image-380\" \/><\/span><\/p>\n<p><span style=\"font-size: 12pt;\"><span class=\"text11ptfett\">Michael Weins<\/span><b><span class=\"text11ptfett\"><br \/>\nKrill<\/span><\/b><span class=\"text\"><br \/>\nErz\u00e4hlungen.<br \/>\n144 Seiten \/ 11,90 \u20ac<br \/>\nISBN 978-3-938539-06-4<\/span><\/span><span style=\"font-size: 12pt;\">\u00a0<\/span><span style=\"font-size: 12pt;\"><a class=\"tabelle_link_orange10pt\" target=\"_blank\" href=\"http:\/\/www.mairisch.de\/bestellung.htm\" rel=\"noopener noreferrer\">[bestellen]<\/a><\/span><\/td>\n<td style=\"text-align: left; vertical-align: top; width: 75%; height: 525px;\"><span style=\"font-size: 12pt;\">\u201eIch h\u00e4tte ihr erz\u00e4hlen k\u00f6nnen, dass Autobahnrastst\u00e4tten f\u00fcr mich eine Art von Heimat darstellten, dass ich mich auf ihnen nicht so verloren f\u00fchlte, weil alles auf ihnen sich verloren anf\u00fchlt. Ich h\u00e4tte ihr erz\u00e4hlen k\u00f6nnen, dass ich Rastst\u00e4tten aufsuchte, wie andere Leute Eurodisney besuchen. Dass ich auch gerne im Karstadtrestaurant a\u00df, weil es den selben Effekt auf mich aus\u00fcbte. Dass ich nur deshalb gerne Ausfl\u00fcge zu Ikea unternahm, um durch die Scheibe in das B\u00e4lleparadies zu gucken oder mich in die Nichtraucherecke setzen zu k\u00f6nnen. Dass ich an diesen Orten zur Ruhe kam, weil sie wie nichts anderes das kleinb\u00fcrgerliche Nest symbolisierten, in dem mich der Kuckuck abgelegt hatte. Aber das kam mir alles etwas viel vor f\u00fcr den Anfang, und ich wollte sie nicht beunruhigen.\u201c<\/span><\/p>\n<p><span style=\"font-size: 12pt;\"><span class=\"text\">In Michael Weins\u2019 zweitem Erz\u00e4hlband sind es die unwirklichen Momente, die kleinen Fluchten, die einen mitnehmen. Dahin, wo es wehtut.<\/span><\/span><\/p>\n<p><span style=\"font-size: 12pt;\">&#8222;Krill&#8220; versammelt die besten Erz\u00e4hlungen der Lesungen und Literaturshows von Michael Weins sowie bisher ungeh\u00f6rte Texte.<\/span><\/p>\n<p><span style=\"font-size: 12pt;\"><em>&#8222;21 Welten, die eigent\u00fcmlich in den Lesern weiterleben, wie es sonst nur gro\u00dfe Romane erreichen.&#8220;<\/em><br \/>\n(freundin.de)<\/span><\/td>\n<\/tr>\n<tr style=\"height: 265px;\">\n<td style=\"text-align: left; vertical-align: top; height: 265px; width: 25%;\"><span style=\"font-size: 12pt;\"><img loading=\"lazy\" decoding=\"async\" src=\"http:\/\/www.michaelweins.de\/wp-content\/uploads\/2019\/05\/Delfinfrau.jpg\" alt=\"\" width=\"120\" height=\"195\" class=\"alignnone size-full wp-image-374\" \/><\/span><\/td>\n<td style=\"text-align: left; vertical-align: top; height: 265px; width: 75%;\"><span class=\"text\" style=\"font-size: 12pt;\"><strong>Die Delfinfrau<\/strong><br \/>\nRoman<br \/>\nErschienen: April 2011PIPER Taschenbuch<br \/>\nOriginaltitel:\u00a0Delfinarium<br \/>\n224 Seiten<br \/>\nKartoniert<br \/>\n\u20ac 8,95 [D], \u20ac 9,20 [A], sFr 13,90<br \/>\nISBN: 9783492259200<\/span><\/td>\n<\/tr>\n<tr style=\"height: 154px;\">\n<td style=\"text-align: left; vertical-align: top; height: 154px; width: 25%;\"><span style=\"font-size: 12pt;\"><img loading=\"lazy\" decoding=\"async\" src=\"http:\/\/www.michaelweins.de\/wp-content\/uploads\/2019\/05\/Delpfinarium_CD.jpg\" alt=\"\" width=\"160\" height=\"146\" class=\"alignnone size-full wp-image-375\" \/><\/span><\/td>\n<td style=\"text-align: left; vertical-align: top; height: 154px; width: 75%;\"><span style=\"font-size: 12pt;\"><strong>&#8222;Delfinarium&#8220; als H\u00f6rbuch!<\/strong><br \/>\nGesprochen von Oliver &#8222;Justus Jonas&#8220; Rohrbeck.<br \/>\nErschienen im BUCHFUNK H\u00f6rbuchverlag, Leipzig 2010,<br \/>\nin Zusammenarbeit mit MDR-Sputnik.<br \/>\nISBN: 978-3-86847-114-4<br \/>\n<\/span><\/td>\n<\/tr>\n<tr style=\"height: 274px;\">\n<td style=\"text-align: left; vertical-align: top; height: 274px; width: 25%;\"><span style=\"font-size: 12pt;\"><img loading=\"lazy\" decoding=\"async\" src=\"http:\/\/www.michaelweins.de\/wp-content\/uploads\/2019\/05\/Goldener_Reiter.jpg\" alt=\"\" width=\"76\" height=\"128\" class=\"alignnone size-full wp-image-379\" \/><\/span><\/td>\n<td style=\"text-align: left; vertical-align: top; height: 274px; width: 75%;\"><span style=\"font-size: 12pt;\"><strong>Goldener Reiter<\/strong><br \/>\nRoman, 219 Seiten<br \/>\nReinbek: Rowohlt Taschenbuchverlag<br \/>\nM\u00e4rz 2002\u00a0<\/span><span style=\"font-size: 12pt;\">Link zu\u00a0<a target=\"_blank\" href=\"http:\/\/www.amazon.de\/exec\/obidos\/ASIN\/3499231980\/qid=1016528384\/sr=1-1\/ref=sr_1_0_1\/302-2306492-1563230\" rel=\"noopener noreferrer\">amazon<\/a> <\/span><span style=\"font-size: 12pt;\">Link zu\u00a0<a target=\"_blank\" href=\"http:\/\/www.bol.de\/shop\/bde_bu_hg_startseite\/suchartikel\/goldener_reiter\/michael_weins\/ISBN3-499-23198-0\" rel=\"noopener noreferrer\">bol<\/a><\/span><\/td>\n<\/tr>\n<tr style=\"height: 226px;\">\n<td style=\"text-align: left; vertical-align: top; height: 226px; width: 25%;\"><span style=\"font-size: 12pt;\"><img loading=\"lazy\" decoding=\"async\" src=\"http:\/\/www.michaelweins.de\/wp-content\/uploads\/2019\/05\/Feucht.jpg\" alt=\"\" width=\"91\" height=\"128\" class=\"alignnone size-full wp-image-377\" \/><\/span><\/td>\n<td style=\"text-align: left; vertical-align: top; height: 226px; width: 75%;\"><span style=\"font-size: 12pt;\"><strong>&#8222;Feucht&#8220;<\/strong><br \/>\n24 Kurzgeschichten, 200 Seiten<br \/>\nHamburg: Schwamm-Verlag<br \/>\n2001\u00a0<\/span><span style=\"font-size: 12pt;\">Link zu\u00a0<a target=\"_blank\" href=\"http:\/\/www.amazon.de\/exec\/obidos\/ASIN\/393217609X\/qid=1016528094\/302-2306492-1563230\" rel=\"noopener noreferrer\">amazon<\/a><\/span><\/td>\n<\/tr>\n<tr style=\"height: 231px;\">\n<td style=\"text-align: left; vertical-align: top; height: 231px; width: 25%;\"><span style=\"font-size: 12pt;\"><img loading=\"lazy\" decoding=\"async\" src=\"http:\/\/www.michaelweins.de\/wp-content\/uploads\/2019\/05\/Pinguin.jpg\" alt=\"\" width=\"90\" height=\"128\" class=\"alignnone size-full wp-image-389\" \/><\/span><\/td>\n<td style=\"text-align: left; vertical-align: top; height: 231px; width: 75%;\"><span style=\"font-size: 12pt;\"><strong>&#8222;Der P-Pinguin&#8220;<\/strong><br \/>\nEin Foto-Roman. Zusammen mit Lars Dahms, Gunter Gerlach, Dierk Hagedorn, Gordon Roesnik, 70 Seiten.<br \/>\nFrankfurt am Main:\u00a0 Eichborn<br \/>\n2000\u00a0<\/span><span style=\"font-size: 12pt;\">Link zu\u00a0<a target=\"_blank\" href=\"http:\/\/www.amazon.de\/exec\/obidos\/ASIN\/3821830700\/qid=1016528932\/sr=8-1\/ref=sr_aps_prod_1_1\/302-2306492-1563230\" rel=\"noopener noreferrer\">amazon<\/a><\/span><\/td>\n<\/tr>\n<\/tbody>\n<\/table>\n<\/div>\n","protected":false},"excerpt":{"rendered":"<p>&nbsp; Michael Weins Menschen der Erde Roman 362 Seiten, 22 Euro, Hardcover Erscheint am 1. November 2024 ISBN 978-3-9814175-9-3 &nbsp; Michael Weins &amp; Katharina Gschwendtner Sie tr\u00e4umt von Pferden 12 Geschichten mit Tieren mit zahlreichen Illustrationen von Katharina Gschwendtner Hardcover mit Leseb\u00e4ndchen 128 Seiten | 16,90 \u20ac ISBN 978-3-938539-35-4 M\u00e4rz [&hellip;]<\/p>\n","protected":false},"author":1,"featured_media":0,"parent":0,"menu_order":0,"comment_status":"closed","ping_status":"closed","template":"page-templates\/template-fullwidth.php","meta":{"footnotes":""},"class_list":["post-207","page","type-page","status-publish","hentry"],"_links":{"self":[{"href":"https:\/\/www.michaelweins.de\/index.php?rest_route=\/wp\/v2\/pages\/207","targetHints":{"allow":["GET"]}}],"collection":[{"href":"https:\/\/www.michaelweins.de\/index.php?rest_route=\/wp\/v2\/pages"}],"about":[{"href":"https:\/\/www.michaelweins.de\/index.php?rest_route=\/wp\/v2\/types\/page"}],"author":[{"embeddable":true,"href":"https:\/\/www.michaelweins.de\/index.php?rest_route=\/wp\/v2\/users\/1"}],"replies":[{"embeddable":true,"href":"https:\/\/www.michaelweins.de\/index.php?rest_route=%2Fwp%2Fv2%2Fcomments&post=207"}],"version-history":[{"count":126,"href":"https:\/\/www.michaelweins.de\/index.php?rest_route=\/wp\/v2\/pages\/207\/revisions"}],"predecessor-version":[{"id":683,"href":"https:\/\/www.michaelweins.de\/index.php?rest_route=\/wp\/v2\/pages\/207\/revisions\/683"}],"wp:attachment":[{"href":"https:\/\/www.michaelweins.de\/index.php?rest_route=%2Fwp%2Fv2%2Fmedia&parent=207"}],"curies":[{"name":"wp","href":"https:\/\/api.w.org\/{rel}","templated":true}]}}